{"id":713,"date":"2019-02-20T11:50:25","date_gmt":"2019-02-20T17:50:25","guid":{"rendered":"http:\/\/cee.edu.mx\/New\/?page_id=713"},"modified":"2019-05-20T13:02:08","modified_gmt":"2019-05-20T18:02:08","slug":"evaluacion","status":"publish","type":"page","link":"https:\/\/cee.edu.mx\/New\/evaluacion\/","title":{"rendered":"Evaluaci\u00f3n"},"content":{"rendered":"[et_pb_section fb_built=\u00bb1&#8243; admin_label=\u00bbOur Services\u00bb _builder_version=\u00bb3.22.3&#8243; use_background_color_gradient=\u00bbon\u00bb background_color_gradient_start=\u00bb#ffffff\u00bb background_color_gradient_end=\u00bbrgba(75,69,125,0.23)\u00bb custom_padding=\u00bb26px|0px|100px|0px|false|false\u00bb top_divider_style=\u00bbcurve2&#8243; top_divider_color=\u00bb#f4f4f4&#8243; top_divider_height=\u00bb30px\u00bb top_divider_flip=\u00bbvertical\u00bb][et_pb_row admin_label=\u00bbNew standard of payments\u00bb _builder_version=\u00bb3.22.3&#8243;][et_pb_column type=\u00bb4_4&#8243; _builder_version=\u00bb3.0.47&#8243;][et_pb_text _builder_version=\u00bb3.19.15&#8243; text_font=\u00bbPoppins|700|||||||\u00bb text_text_color=\u00bb#48a750&#8243;]\n<p>Qu\u00e9 hacemos<\/p>\n[\/et_pb_text][et_pb_text _builder_version=\u00bb3.22.7&#8243; text_font=\u00bbPoppins||||||||\u00bb text_text_color=\u00bbrgba(58,58,58,0.7)\u00bb text_font_size=\u00bb18px\u00bb text_line_height=\u00bb1.8em\u00bb header_2_font=\u00bbPoppins|500|||||||\u00bb header_2_text_color=\u00bb#4b457d\u00bb header_2_font_size=\u00bb38px\u00bb header_2_line_height=\u00bb1.3em\u00bb]\n<h2>Evaluaci\u00f3n<\/h2>\n<p>Proyectos enfocados en evaluar procesos, programas, actores e instituciones ligadas al sistema educativo.<\/p>\n[\/et_pb_text][\/et_pb_column][\/et_pb_row][et_pb_row use_custom_gutter=\u00bbon\u00bb background_color_2=\u00bb#2e3858&#8243; background_color_3=\u00bb#2e3858&#8243; padding_top_1=\u00bb30px\u00bb padding_top_2=\u00bb30px\u00bb padding_top_3=\u00bb30px\u00bb padding_right_1=\u00bb30px\u00bb padding_right_2=\u00bb30px\u00bb padding_right_3=\u00bb30px\u00bb padding_bottom_1=\u00bb30px\u00bb padding_bottom_2=\u00bb30px\u00bb padding_bottom_3=\u00bb30px\u00bb padding_left_1=\u00bb30px\u00bb padding_left_2=\u00bb30px\u00bb padding_left_3=\u00bb30px\u00bb _builder_version=\u00bb3.22.3&#8243;][et_pb_column type=\u00bb4_4&#8243; _builder_version=\u00bb3.0.47&#8243;][et_pb_text _builder_version=\u00bb3.19.18&#8243;]\n\n<div class=\"su-posts su-posts-default-loop \">\n\n\t\n\t\t\t\t\t\n\t\t\t\n\t\t\t<div id=\"su-post-1650\" class=\"su-post \">\n\n\t\t\t\t\t\t\t\t\t<a class=\"su-post-thumbnail\" href=\"https:\/\/cee.edu.mx\/New\/evaluacion-de-los-programas-adn-y-escuelas-de-tiempo-completo-petc-en-el-estado-de-chihuahua\/\"><img loading=\"lazy\" decoding=\"async\" width=\"446\" height=\"299\" src=\"https:\/\/cee.edu.mx\/New\/wp-content\/uploads\/2019\/03\/FECHAC_logo.jpg\" class=\"attachment-post-thumbnail size-post-thumbnail wp-post-image\" alt=\"\" srcset=\"https:\/\/cee.edu.mx\/New\/wp-content\/uploads\/2019\/03\/FECHAC_logo.jpg 446w, https:\/\/cee.edu.mx\/New\/wp-content\/uploads\/2019\/03\/FECHAC_logo-300x201.jpg 300w\" sizes=\"(max-width: 446px) 100vw, 446px\" \/><\/a>\n\t\t\t\t\n\t\t\t\t<h2 class=\"su-post-title\"><a href=\"https:\/\/cee.edu.mx\/New\/evaluacion-de-los-programas-adn-y-escuelas-de-tiempo-completo-petc-en-el-estado-de-chihuahua\/\">Evaluaci\u00f3n de los Programas ADN y Escuelas de Tiempo Completo (PETC) en el estado de Chihuahua<\/a><\/h2>\n\n\t\t\t\t<div class=\"su-post-meta\">\n\t\t\t\t\tPublicado: 20 mayo, 2019\t\t\t\t<\/div>\n\n\t\t\t\t<div class=\"su-post-excerpt\">\n\t\t\t\t\t<p><a href=\"https:\/\/cee.edu.mx\/New\/tag\/evaluacion\/\">#Evaluaci\u00f3n<\/a><\/p>\n\t\t\t\t<\/div>\n\n\t\t\t\t\n\t\t\t<\/div>\n\n\t\t\t\t\t\n\t\t\t\n\t\t\t<div id=\"su-post-1031\" class=\"su-post \">\n\n\t\t\t\t\t\t\t\t\t<a class=\"su-post-thumbnail\" href=\"https:\/\/cee.edu.mx\/New\/proyecto-de-aprendizaje-basado-en-la-colaboracion-y-el-dialogo-abcd\/\"><img loading=\"lazy\" decoding=\"async\" width=\"1563\" height=\"854\" src=\"https:\/\/cee.edu.mx\/New\/wp-content\/uploads\/2019\/02\/BID.png\" class=\"attachment-post-thumbnail size-post-thumbnail wp-post-image\" alt=\"\" srcset=\"https:\/\/cee.edu.mx\/New\/wp-content\/uploads\/2019\/02\/BID.png 1563w, https:\/\/cee.edu.mx\/New\/wp-content\/uploads\/2019\/02\/BID-300x164.png 300w, https:\/\/cee.edu.mx\/New\/wp-content\/uploads\/2019\/02\/BID-768x420.png 768w, https:\/\/cee.edu.mx\/New\/wp-content\/uploads\/2019\/02\/BID-1024x559.png 1024w, https:\/\/cee.edu.mx\/New\/wp-content\/uploads\/2019\/02\/BID-1080x590.png 1080w, https:\/\/cee.edu.mx\/New\/wp-content\/uploads\/2019\/02\/BID-610x333.png 610w\" sizes=\"(max-width: 1563px) 100vw, 1563px\" \/><\/a>\n\t\t\t\t\n\t\t\t\t<h2 class=\"su-post-title\"><a href=\"https:\/\/cee.edu.mx\/New\/proyecto-de-aprendizaje-basado-en-la-colaboracion-y-el-dialogo-abcd\/\">Proyecto de Aprendizaje Basado en la Colaboraci\u00f3n y el Di\u00e1logo (ABCD)<\/a><\/h2>\n\n\t\t\t\t<div class=\"su-post-meta\">\n\t\t\t\t\tPublicado: 28 febrero, 2019\t\t\t\t<\/div>\n\n\t\t\t\t<div class=\"su-post-excerpt\">\n\t\t\t\t\t<p><a href=\"https:\/\/cee.edu.mx\/New\/tag\/evaluacion\/\">#Evaluaci\u00f3n<\/a><\/p>\n\t\t\t\t<\/div>\n\n\t\t\t\t\n\t\t\t<\/div>\n\n\t\t\t\t\t\n\t\t\t\n\t\t\t<div id=\"su-post-1024\" class=\"su-post \">\n\n\t\t\t\t\t\t\t\t\t<a class=\"su-post-thumbnail\" href=\"https:\/\/cee.edu.mx\/New\/propuesta-de-instrumentos-para-evaluar-indirectamente-al-aprendizaje-a-partir-de-la-codificacion-de-respuestas-de-adultos-cercanos-a-los-ninos-de-preescolar\/\"><img loading=\"lazy\" decoding=\"async\" width=\"446\" height=\"299\" src=\"https:\/\/cee.edu.mx\/New\/wp-content\/uploads\/2019\/02\/Logo_INEE.png\" class=\"attachment-post-thumbnail size-post-thumbnail wp-post-image\" alt=\"\" srcset=\"https:\/\/cee.edu.mx\/New\/wp-content\/uploads\/2019\/02\/Logo_INEE.png 446w, https:\/\/cee.edu.mx\/New\/wp-content\/uploads\/2019\/02\/Logo_INEE-300x201.png 300w\" sizes=\"(max-width: 446px) 100vw, 446px\" \/><\/a>\n\t\t\t\t\n\t\t\t\t<h2 class=\"su-post-title\"><a href=\"https:\/\/cee.edu.mx\/New\/propuesta-de-instrumentos-para-evaluar-indirectamente-al-aprendizaje-a-partir-de-la-codificacion-de-respuestas-de-adultos-cercanos-a-los-ninos-de-preescolar\/\">Propuesta de instrumentos para evaluar indirectamente al aprendizaje a partir de la codificaci\u00f3n de respuestas de adultos cercanos a los ni\u00f1os de preescolar<\/a><\/h2>\n\n\t\t\t\t<div class=\"su-post-meta\">\n\t\t\t\t\tPublicado: 28 febrero, 2019\t\t\t\t<\/div>\n\n\t\t\t\t<div class=\"su-post-excerpt\">\n\t\t\t\t\t<p><a href=\"https:\/\/cee.edu.mx\/New\/tag\/evaluacion\/\">#Evaluaci\u00f3n<\/a><\/p>\n\t\t\t\t<\/div>\n\n\t\t\t\t\n\t\t\t<\/div>\n\n\t\t\t\t\t\n\t\t\t\n\t\t\t<div id=\"su-post-1013\" class=\"su-post \">\n\n\t\t\t\t\t\t\t\t\t<a class=\"su-post-thumbnail\" href=\"https:\/\/cee.edu.mx\/New\/mejora-de-la-calidad-de-instruccion-y-la-efectividad-de-los-maestros-a-traves-de-una-evaluacion-basada-en-video-de-las-practicas-en-el-aula\/\"><img loading=\"lazy\" decoding=\"async\" width=\"213\" height=\"210\" src=\"https:\/\/cee.edu.mx\/New\/wp-content\/uploads\/2019\/02\/ministry_education_belize.png\" class=\"attachment-post-thumbnail size-post-thumbnail wp-post-image\" alt=\"\" \/><\/a>\n\t\t\t\t\n\t\t\t\t<h2 class=\"su-post-title\"><a href=\"https:\/\/cee.edu.mx\/New\/mejora-de-la-calidad-de-instruccion-y-la-efectividad-de-los-maestros-a-traves-de-una-evaluacion-basada-en-video-de-las-practicas-en-el-aula\/\">Mejora de la calidad de instrucci\u00f3n y la efectividad de los maestros a trav\u00e9s de una evaluaci\u00f3n basada en v\u00eddeo de las pr\u00e1cticas en el aula<\/a><\/h2>\n\n\t\t\t\t<div class=\"su-post-meta\">\n\t\t\t\t\tPublicado: 28 febrero, 2019\t\t\t\t<\/div>\n\n\t\t\t\t<div class=\"su-post-excerpt\">\n\t\t\t\t\t<p><a href=\"https:\/\/cee.edu.mx\/New\/tag\/evaluacion\/\">#Evaluaci\u00f3n<\/a><\/p>\n\t\t\t\t<\/div>\n\n\t\t\t\t\n\t\t\t<\/div>\n\n\t\t\t\t\t\n\t\t\t\n\t\t\t<div id=\"su-post-1006\" class=\"su-post \">\n\n\t\t\t\t\t\t\t\t\t<a class=\"su-post-thumbnail\" href=\"https:\/\/cee.edu.mx\/New\/desarrollo-de-los-criterios-que-sirvan-como-base-para-el-analisis-del-programa-nacional-de-bebederos-escolares\/\"><img loading=\"lazy\" decoding=\"async\" width=\"300\" height=\"206\" src=\"https:\/\/cee.edu.mx\/New\/wp-content\/uploads\/2019\/02\/INIFED.DOS_.jpeg\" class=\"attachment-post-thumbnail size-post-thumbnail wp-post-image\" alt=\"\" \/><\/a>\n\t\t\t\t\n\t\t\t\t<h2 class=\"su-post-title\"><a href=\"https:\/\/cee.edu.mx\/New\/desarrollo-de-los-criterios-que-sirvan-como-base-para-el-analisis-del-programa-nacional-de-bebederos-escolares\/\">Desarrollo de los criterios que sirvan como base para el an\u00e1lisis del programa nacional de bebederos escolares<\/a><\/h2>\n\n\t\t\t\t<div class=\"su-post-meta\">\n\t\t\t\t\tPublicado: 28 febrero, 2019\t\t\t\t<\/div>\n\n\t\t\t\t<div class=\"su-post-excerpt\">\n\t\t\t\t\t<p><a href=\"https:\/\/cee.edu.mx\/New\/tag\/evaluacion\/\">#Evaluaci\u00f3n<\/a><\/p>\n\t\t\t\t<\/div>\n\n\t\t\t\t\n\t\t\t<\/div>\n\n\t\t\t\t\t\n\t\t\t\n\t\t\t<div id=\"su-post-996\" class=\"su-post \">\n\n\t\t\t\t\t\t\t\t\t<a class=\"su-post-thumbnail\" href=\"https:\/\/cee.edu.mx\/New\/analisis-de-la-propuesta-de-gestion-pedagogica-del-nuevo-modelo-de-aprendizaje-basado-en-la-colaboracion-y-el-dialogo-abcd\/\"><img loading=\"lazy\" decoding=\"async\" width=\"473\" height=\"360\" src=\"https:\/\/cee.edu.mx\/New\/wp-content\/uploads\/2019\/02\/logo_ilce.png\" class=\"attachment-post-thumbnail size-post-thumbnail wp-post-image\" alt=\"\" srcset=\"https:\/\/cee.edu.mx\/New\/wp-content\/uploads\/2019\/02\/logo_ilce.png 473w, https:\/\/cee.edu.mx\/New\/wp-content\/uploads\/2019\/02\/logo_ilce-300x228.png 300w\" sizes=\"(max-width: 473px) 100vw, 473px\" \/><\/a>\n\t\t\t\t\n\t\t\t\t<h2 class=\"su-post-title\"><a href=\"https:\/\/cee.edu.mx\/New\/analisis-de-la-propuesta-de-gestion-pedagogica-del-nuevo-modelo-de-aprendizaje-basado-en-la-colaboracion-y-el-dialogo-abcd\/\">An\u00e1lisis de la propuesta de Gesti\u00f3n Pedag\u00f3gica del Nuevo Modelo de Aprendizaje Basado en la Colaboraci\u00f3n y el Di\u00e1logo (ABCD)<\/a><\/h2>\n\n\t\t\t\t<div class=\"su-post-meta\">\n\t\t\t\t\tPublicado: 28 febrero, 2019\t\t\t\t<\/div>\n\n\t\t\t\t<div class=\"su-post-excerpt\">\n\t\t\t\t\t<p><a href=\"https:\/\/cee.edu.mx\/New\/tag\/evaluacion\/\">#Evaluaci\u00f3n<\/a><\/p>\n\t\t\t\t<\/div>\n\n\t\t\t\t\n\t\t\t<\/div>\n\n\t\t\n\t\n<\/div>\n[\/et_pb_text][\/et_pb_column][\/et_pb_row][\/et_pb_section]\n","protected":false},"excerpt":{"rendered":"<p>[et_pb_section fb_built=\u00bb1&#8243; admin_label=\u00bbOur Services\u00bb _builder_version=\u00bb3.22.3&#8243; use_background_color_gradient=\u00bbon\u00bb background_color_gradient_start=\u00bb#ffffff\u00bb background_color_gradient_end=\u00bbrgba(75,69,125,0.23)\u00bb custom_padding=\u00bb26px|0px|100px|0px|false|false\u00bb top_divider_style=\u00bbcurve2&#8243; top_divider_color=\u00bb#f4f4f4&#8243; top_divider_height=\u00bb30px\u00bb top_divider_flip=\u00bbvertical\u00bb][et_pb_row admin_label=\u00bbNew standard of payments\u00bb _builder_version=\u00bb3.22.3&#8243;][et_pb_column type=\u00bb4_4&#8243; _builder_version=\u00bb3.0.47&#8243;][et_pb_text _builder_version=\u00bb3.19.15&#8243; text_font=\u00bbPoppins|700|||||||\u00bb text_text_color=\u00bb#48a750&#8243;] Qu\u00e9 hacemos [\/et_pb_text][et_pb_text _builder_version=\u00bb3.22.7&#8243; text_font=\u00bbPoppins||||||||\u00bb text_text_color=\u00bbrgba(58,58,58,0.7)\u00bb text_font_size=\u00bb18px\u00bb text_line_height=\u00bb1.8em\u00bb header_2_font=\u00bbPoppins|500|||||||\u00bb header_2_text_color=\u00bb#4b457d\u00bb header_2_font_size=\u00bb38px\u00bb header_2_line_height=\u00bb1.3em\u00bb] Evaluaci\u00f3n Proyectos enfocados en evaluar procesos, programas, actores e instituciones ligadas al sistema educativo. [\/et_pb_text][\/et_pb_column][\/et_pb_row][et_pb_row use_custom_gutter=\u00bbon\u00bb background_color_2=\u00bb#2e3858&#8243; background_color_3=\u00bb#2e3858&#8243; padding_top_1=\u00bb30px\u00bb padding_top_2=\u00bb30px\u00bb [&hellip;]<\/p>\n","protected":false},"author":1,"featured_media":0,"parent":0,"menu_order":0,"comment_status":"closed","ping_status":"closed","template":"","meta":{"_et_pb_use_builder":"on","_et_pb_old_content":"","_et_gb_content_width":"","footnotes":""},"class_list":["post-713","page","type-page","status-publish","hentry"],"_links":{"self":[{"href":"https:\/\/cee.edu.mx\/New\/wp-json\/wp\/v2\/pages\/713","targetHints":{"allow":["GET"]}}],"collection":[{"href":"https:\/\/cee.edu.mx\/New\/wp-json\/wp\/v2\/pages"}],"about":[{"href":"https:\/\/cee.edu.mx\/New\/wp-json\/wp\/v2\/types\/page"}],"author":[{"embeddable":true,"href":"https:\/\/cee.edu.mx\/New\/wp-json\/wp\/v2\/users\/1"}],"replies":[{"embeddable":true,"href":"https:\/\/cee.edu.mx\/New\/wp-json\/wp\/v2\/comments?post=713"}],"version-history":[{"count":9,"href":"https:\/\/cee.edu.mx\/New\/wp-json\/wp\/v2\/pages\/713\/revisions"}],"predecessor-version":[{"id":1647,"href":"https:\/\/cee.edu.mx\/New\/wp-json\/wp\/v2\/pages\/713\/revisions\/1647"}],"wp:attachment":[{"href":"https:\/\/cee.edu.mx\/New\/wp-json\/wp\/v2\/media?parent=713"}],"curies":[{"name":"wp","href":"https:\/\/api.w.org\/{rel}","templated":true}]}}