{"id":702,"date":"2019-02-20T11:34:01","date_gmt":"2019-02-20T17:34:01","guid":{"rendered":"http:\/\/cee.edu.mx\/New\/?page_id=702"},"modified":"2019-10-25T13:35:15","modified_gmt":"2019-10-25T18:35:15","slug":"diseno-de-materiales","status":"publish","type":"page","link":"https:\/\/cee.edu.mx\/New\/diseno-de-materiales\/","title":{"rendered":"Dise\u00f1o de materiales"},"content":{"rendered":"[et_pb_section fb_built=\u00bb1&#8243; admin_label=\u00bbOur Services\u00bb _builder_version=\u00bb3.22.3&#8243; use_background_color_gradient=\u00bbon\u00bb background_color_gradient_start=\u00bb#ffffff\u00bb background_color_gradient_end=\u00bbrgba(75,69,125,0.23)\u00bb custom_padding=\u00bb26px|0px|100px|0px|false|false\u00bb top_divider_style=\u00bbcurve2&#8243; top_divider_color=\u00bb#f4f4f4&#8243; top_divider_height=\u00bb30px\u00bb top_divider_flip=\u00bbvertical\u00bb][et_pb_row admin_label=\u00bbNew standard of payments\u00bb _builder_version=\u00bb3.25&#8243;][et_pb_column type=\u00bb4_4&#8243; _builder_version=\u00bb3.25&#8243; custom_padding=\u00bb|||\u00bb custom_padding__hover=\u00bb|||\u00bb][et_pb_text _builder_version=\u00bb3.27.4&#8243; text_font=\u00bbPoppins|700|||||||\u00bb text_text_color=\u00bb#48a750&#8243;]\n<p>Qu\u00e9 hacemos<\/p>\n[\/et_pb_text][et_pb_text _builder_version=\u00bb4.0.3&#8243; text_font=\u00bbPoppins||||||||\u00bb text_text_color=\u00bbrgba(58,58,58,0.7)\u00bb text_font_size=\u00bb18px\u00bb text_line_height=\u00bb1.8em\u00bb header_2_font=\u00bbPoppins|500|||||||\u00bb header_2_text_color=\u00bb#4b457d\u00bb header_2_font_size=\u00bb38px\u00bb header_2_line_height=\u00bb1.3em\u00bb hover_enabled=\u00bb0&#8243;]\n<h2>Dise\u00f1o de materiales<\/h2>\n<p>Proyectos enfocados en el dise\u00f1o de materiales que acompa\u00f1an la implementaci\u00f3n de programas o propuestas educativas.<\/p>\n[\/et_pb_text][\/et_pb_column][\/et_pb_row][et_pb_row use_custom_gutter=\u00bbon\u00bb _builder_version=\u00bb3.25&#8243;][et_pb_column type=\u00bb4_4&#8243; _builder_version=\u00bb3.25&#8243; custom_padding=\u00bb30px|30px|30px|30px\u00bb custom_padding__hover=\u00bb|||\u00bb][et_pb_text _builder_version=\u00bb3.27.4&#8243;]\n\n<div class=\"su-posts su-posts-default-loop \">\n\n\t\n\t\t\t\t\t\n\t\t\t\n\t\t\t<div id=\"su-post-1106\" class=\"su-post \">\n\n\t\t\t\t\t\t\t\t\t<a class=\"su-post-thumbnail\" href=\"https:\/\/cee.edu.mx\/New\/plataforma-informatica\/\"><img loading=\"lazy\" decoding=\"async\" width=\"224\" height=\"182\" src=\"https:\/\/cee.edu.mx\/New\/wp-content\/uploads\/2019\/02\/Logo-ITESO-MinimoV.png\" class=\"attachment-post-thumbnail size-post-thumbnail wp-post-image\" alt=\"\" \/><\/a>\n\t\t\t\t\n\t\t\t\t<h2 class=\"su-post-title\"><a href=\"https:\/\/cee.edu.mx\/New\/plataforma-informatica\/\">Plataforma inform\u00e1tica<\/a><\/h2>\n\n\t\t\t\t<div class=\"su-post-meta\">\n\t\t\t\t\tPublicado: 28 febrero, 2019\t\t\t\t<\/div>\n\n\t\t\t\t<div class=\"su-post-excerpt\">\n\t\t\t\t\t<p><a href=\"https:\/\/cee.edu.mx\/New\/tag\/diseno_de_materiales\/\">#Dise\u00f1o_de_materiales<\/a><\/p>\n\t\t\t\t<\/div>\n\n\t\t\t\t\n\t\t\t<\/div>\n\n\t\t\t\t\t\n\t\t\t\n\t\t\t<div id=\"su-post-1100\" class=\"su-post \">\n\n\t\t\t\t\t\t\t\t\t<a class=\"su-post-thumbnail\" href=\"https:\/\/cee.edu.mx\/New\/adaptacion-del-grado-6-del-programa-second-step-para-mexico\/\"><img loading=\"lazy\" decoding=\"async\" width=\"768\" height=\"474\" src=\"https:\/\/cee.edu.mx\/New\/wp-content\/uploads\/2019\/02\/cfc-logo.jpg\" class=\"attachment-post-thumbnail size-post-thumbnail wp-post-image\" alt=\"\" srcset=\"https:\/\/cee.edu.mx\/New\/wp-content\/uploads\/2019\/02\/cfc-logo.jpg 768w, https:\/\/cee.edu.mx\/New\/wp-content\/uploads\/2019\/02\/cfc-logo-300x185.jpg 300w, https:\/\/cee.edu.mx\/New\/wp-content\/uploads\/2019\/02\/cfc-logo-610x376.jpg 610w\" sizes=\"(max-width: 768px) 100vw, 768px\" \/><\/a>\n\t\t\t\t\n\t\t\t\t<h2 class=\"su-post-title\"><a href=\"https:\/\/cee.edu.mx\/New\/adaptacion-del-grado-6-del-programa-second-step-para-mexico\/\">Adaptaci\u00f3n del Grado 6 del programa Second Step para M\u00e9xico<\/a><\/h2>\n\n\t\t\t\t<div class=\"su-post-meta\">\n\t\t\t\t\tPublicado: 28 febrero, 2019\t\t\t\t<\/div>\n\n\t\t\t\t<div class=\"su-post-excerpt\">\n\t\t\t\t\t<p><a href=\"https:\/\/cee.edu.mx\/New\/tag\/diseno_de_materiales\/\">#Dise\u00f1o_de_materiales<\/a><\/p>\n\t\t\t\t<\/div>\n\n\t\t\t\t\n\t\t\t<\/div>\n\n\t\t\t\t\t\n\t\t\t\n\t\t\t<div id=\"su-post-1094\" class=\"su-post \">\n\n\t\t\t\t\t\t\t\t\t<a class=\"su-post-thumbnail\" href=\"https:\/\/cee.edu.mx\/New\/adaptacion-del-programa-second-step-al-sistema-educativo-mexicano\/\"><img loading=\"lazy\" decoding=\"async\" width=\"768\" height=\"474\" src=\"https:\/\/cee.edu.mx\/New\/wp-content\/uploads\/2019\/02\/cfc-logo.jpg\" class=\"attachment-post-thumbnail size-post-thumbnail wp-post-image\" alt=\"\" srcset=\"https:\/\/cee.edu.mx\/New\/wp-content\/uploads\/2019\/02\/cfc-logo.jpg 768w, https:\/\/cee.edu.mx\/New\/wp-content\/uploads\/2019\/02\/cfc-logo-300x185.jpg 300w, https:\/\/cee.edu.mx\/New\/wp-content\/uploads\/2019\/02\/cfc-logo-610x376.jpg 610w\" sizes=\"(max-width: 768px) 100vw, 768px\" \/><\/a>\n\t\t\t\t\n\t\t\t\t<h2 class=\"su-post-title\"><a href=\"https:\/\/cee.edu.mx\/New\/adaptacion-del-programa-second-step-al-sistema-educativo-mexicano\/\">Adaptaci\u00f3n del programa \u201cSecond Step\u201d al sistema educativo mexicano<\/a><\/h2>\n\n\t\t\t\t<div class=\"su-post-meta\">\n\t\t\t\t\tPublicado: 28 febrero, 2019\t\t\t\t<\/div>\n\n\t\t\t\t<div class=\"su-post-excerpt\">\n\t\t\t\t\t<p><a href=\"https:\/\/cee.edu.mx\/New\/tag\/diseno_de_materiales\/\">#Dise\u00f1o_de_materiales<\/a><\/p>\n\t\t\t\t<\/div>\n\n\t\t\t\t\n\t\t\t<\/div>\n\n\t\t\n\t\n<\/div>\n[\/et_pb_text][\/et_pb_column][\/et_pb_row][\/et_pb_section]\n","protected":false},"excerpt":{"rendered":"<p>[et_pb_section fb_built=\u00bb1&#8243; admin_label=\u00bbOur Services\u00bb _builder_version=\u00bb3.22.3&#8243; use_background_color_gradient=\u00bbon\u00bb background_color_gradient_start=\u00bb#ffffff\u00bb background_color_gradient_end=\u00bbrgba(75,69,125,0.23)\u00bb custom_padding=\u00bb26px|0px|100px|0px|false|false\u00bb top_divider_style=\u00bbcurve2&#8243; top_divider_color=\u00bb#f4f4f4&#8243; top_divider_height=\u00bb30px\u00bb top_divider_flip=\u00bbvertical\u00bb][et_pb_row admin_label=\u00bbNew standard of payments\u00bb _builder_version=\u00bb3.25&#8243;][et_pb_column type=\u00bb4_4&#8243; _builder_version=\u00bb3.25&#8243; custom_padding=\u00bb|||\u00bb custom_padding__hover=\u00bb|||\u00bb][et_pb_text _builder_version=\u00bb3.27.4&#8243; text_font=\u00bbPoppins|700|||||||\u00bb text_text_color=\u00bb#48a750&#8243;] Qu\u00e9 hacemos [\/et_pb_text][et_pb_text _builder_version=\u00bb4.0.3&#8243; text_font=\u00bbPoppins||||||||\u00bb text_text_color=\u00bbrgba(58,58,58,0.7)\u00bb text_font_size=\u00bb18px\u00bb text_line_height=\u00bb1.8em\u00bb header_2_font=\u00bbPoppins|500|||||||\u00bb header_2_text_color=\u00bb#4b457d\u00bb header_2_font_size=\u00bb38px\u00bb header_2_line_height=\u00bb1.3em\u00bb hover_enabled=\u00bb0&#8243;] Dise\u00f1o de materiales Proyectos enfocados en el dise\u00f1o de materiales que acompa\u00f1an la implementaci\u00f3n de programas o [&hellip;]<\/p>\n","protected":false},"author":1,"featured_media":0,"parent":0,"menu_order":0,"comment_status":"closed","ping_status":"closed","template":"","meta":{"_et_pb_use_builder":"on","_et_pb_old_content":"","_et_gb_content_width":"","footnotes":""},"class_list":["post-702","page","type-page","status-publish","hentry"],"_links":{"self":[{"href":"https:\/\/cee.edu.mx\/New\/wp-json\/wp\/v2\/pages\/702","targetHints":{"allow":["GET"]}}],"collection":[{"href":"https:\/\/cee.edu.mx\/New\/wp-json\/wp\/v2\/pages"}],"about":[{"href":"https:\/\/cee.edu.mx\/New\/wp-json\/wp\/v2\/types\/page"}],"author":[{"embeddable":true,"href":"https:\/\/cee.edu.mx\/New\/wp-json\/wp\/v2\/users\/1"}],"replies":[{"embeddable":true,"href":"https:\/\/cee.edu.mx\/New\/wp-json\/wp\/v2\/comments?post=702"}],"version-history":[{"count":11,"href":"https:\/\/cee.edu.mx\/New\/wp-json\/wp\/v2\/pages\/702\/revisions"}],"predecessor-version":[{"id":1809,"href":"https:\/\/cee.edu.mx\/New\/wp-json\/wp\/v2\/pages\/702\/revisions\/1809"}],"wp:attachment":[{"href":"https:\/\/cee.edu.mx\/New\/wp-json\/wp\/v2\/media?parent=702"}],"curies":[{"name":"wp","href":"https:\/\/api.w.org\/{rel}","templated":true}]}}