{"id":546,"date":"2019-02-11T12:25:50","date_gmt":"2019-02-11T18:25:50","guid":{"rendered":"http:\/\/cee.edu.mx\/New\/?page_id=546"},"modified":"2019-02-26T14:34:04","modified_gmt":"2019-02-26T20:34:04","slug":"carlos-munoz-izquierdo","status":"publish","type":"page","link":"https:\/\/cee.edu.mx\/New\/carlos-munoz-izquierdo\/","title":{"rendered":"Carlos Mu\u00f1oz Izquierdo"},"content":{"rendered":"[et_pb_section fb_built=\u00bb1&#8243; _builder_version=\u00bb3.19.10&#8243; top_divider_style=\u00bbcurve2&#8243; top_divider_color=\u00bb#f4f4f4&#8243; top_divider_height=\u00bb30px\u00bb top_divider_flip=\u00bbvertical\u00bb bottom_divider_style=\u00bbcurve2&#8243; bottom_divider_color=\u00bb#4b457d\u00bb bottom_divider_height=\u00bb30px\u00bb background_size=\u00bbcontain\u00bb background_position=\u00bbtop_left\u00bb background_blend=\u00bbluminosity\u00bb][et_pb_row _builder_version=\u00bb3.0.48&#8243; background_size=\u00bbinitial\u00bb background_position=\u00bbtop_left\u00bb background_repeat=\u00bbrepeat\u00bb][et_pb_column type=\u00bb2_5&#8243; _builder_version=\u00bb3.0.47&#8243; parallax=\u00bboff\u00bb parallax_method=\u00bbon\u00bb][et_pb_image src=\u00bbhttp:\/\/cee.edu.mx\/New\/wp-content\/uploads\/2019\/01\/CarlosMI.jpg\u00bb _builder_version=\u00bb3.19.10&#8243; border_radii=\u00bbon|10px|10px|10px|10px\u00bb box_shadow_style=\u00bbpreset2&#8243;][\/et_pb_image][\/et_pb_column][et_pb_column type=\u00bb3_5&#8243; _builder_version=\u00bb3.0.47&#8243; parallax=\u00bboff\u00bb parallax_method=\u00bbon\u00bb][et_pb_post_title meta=\u00bboff\u00bb featured_image=\u00bboff\u00bb _builder_version=\u00bb3.19.10&#8243;][\/et_pb_post_title][et_pb_text _builder_version=\u00bb3.19.10&#8243; text_font=\u00bb||||||||\u00bb text_font_size=\u00bb17px\u00bb text_line_height=\u00bb1.8em\u00bb]\n<p>(Ciudad de M\u00e9xico, 8 de octubre de 1937 &#8211; 8 de noviembre de 2014). Es considerado como otro de los precursores de la investigaci\u00f3n educativa en M\u00e9xico. Se especializ\u00f3 en la investigaci\u00f3n de las t\u00e9cnicas educativas y su implementaci\u00f3n. Obtuvo la licenciatura de Econom\u00eda en el Instituto Tecnol\u00f3gico Aut\u00f3nomo de M\u00e9xico (ITAM) y un doctorado en Planificaci\u00f3n Educativa en la Universidad Stanford en Palo Alto, California.\u00a0<\/p>\n[\/et_pb_text][\/et_pb_column][\/et_pb_row][et_pb_row _builder_version=\u00bb3.0.48&#8243; background_size=\u00bbinitial\u00bb background_position=\u00bbtop_left\u00bb background_repeat=\u00bbrepeat\u00bb][et_pb_column type=\u00bb4_4&#8243; _builder_version=\u00bb3.0.47&#8243; parallax=\u00bboff\u00bb parallax_method=\u00bbon\u00bb][et_pb_text _builder_version=\u00bb3.19.10&#8243; text_font=\u00bb||||||||\u00bb text_font_size=\u00bb17px\u00bb text_line_height=\u00bb1.8em\u00bb]Fue catedr\u00e1tico en la Universidad Nacional Aut\u00f3noma de M\u00e9xico (UNAM), en el Instituto Polit\u00e9cnico Nacional (IPN), en la Universidad La Salle (ULSA), en la Universidad Iberoamericana (UIA) y en El Colegio de M\u00e9xico (COLMEX). Tambi\u00e9n fue profesor visitante en la Universidad de Harvard. Investigador-fundador y, posteriormente, director t\u00e9cnico del Centro de Estudios Educativos, A.C. Al t\u00e9rmino de esta responsabilidad, en 1984, se incorpor\u00f3 a la Universidad Iberoamericana, donde coordin\u00f3 el Posgrado en Educaci\u00f3n y el Programa de Investigaci\u00f3n sobre Problemas Educativos; fue director de Planeaci\u00f3n y Evaluaci\u00f3n Institucionales, y responsable de la Unidad de Investigaciones Interdisciplinares en Educaci\u00f3n. Asimismo, fue fundador del Instituto de Investigaciones para el Desarrollo de la Educaci\u00f3n (Inide). Fue investigador nacional nivel III; public\u00f3 m\u00e1s de doscientos art\u00edculos para revistas.[\/et_pb_text][\/et_pb_column][\/et_pb_row][\/et_pb_section]\n","protected":false},"excerpt":{"rendered":"<p>(Ciudad de M\u00e9xico, 8 de octubre de 1937 &#8211; 8 de noviembre de 2014). Es considerado como otro de los precursores de la investigaci\u00f3n educativa en M\u00e9xico. Se especializ\u00f3 en la investigaci\u00f3n de las t\u00e9cnicas educativas y su implementaci\u00f3n. Obtuvo la licenciatura de Econom\u00eda en el Instituto Tecnol\u00f3gico Aut\u00f3nomo de M\u00e9xico (ITAM) y un doctorado [&hellip;]<\/p>\n","protected":false},"author":1,"featured_media":0,"parent":0,"menu_order":0,"comment_status":"closed","ping_status":"closed","template":"","meta":{"_et_pb_use_builder":"on","_et_pb_old_content":"","_et_gb_content_width":"","footnotes":""},"class_list":["post-546","page","type-page","status-publish","hentry"],"_links":{"self":[{"href":"https:\/\/cee.edu.mx\/New\/wp-json\/wp\/v2\/pages\/546","targetHints":{"allow":["GET"]}}],"collection":[{"href":"https:\/\/cee.edu.mx\/New\/wp-json\/wp\/v2\/pages"}],"about":[{"href":"https:\/\/cee.edu.mx\/New\/wp-json\/wp\/v2\/types\/page"}],"author":[{"embeddable":true,"href":"https:\/\/cee.edu.mx\/New\/wp-json\/wp\/v2\/users\/1"}],"replies":[{"embeddable":true,"href":"https:\/\/cee.edu.mx\/New\/wp-json\/wp\/v2\/comments?post=546"}],"version-history":[{"count":8,"href":"https:\/\/cee.edu.mx\/New\/wp-json\/wp\/v2\/pages\/546\/revisions"}],"predecessor-version":[{"id":559,"href":"https:\/\/cee.edu.mx\/New\/wp-json\/wp\/v2\/pages\/546\/revisions\/559"}],"wp:attachment":[{"href":"https:\/\/cee.edu.mx\/New\/wp-json\/wp\/v2\/media?parent=546"}],"curies":[{"name":"wp","href":"https:\/\/api.w.org\/{rel}","templated":true}]}}