{"id":533,"date":"2019-02-11T12:04:47","date_gmt":"2019-02-11T18:04:47","guid":{"rendered":"http:\/\/cee.edu.mx\/New\/?page_id=533"},"modified":"2019-05-17T12:16:54","modified_gmt":"2019-05-17T17:16:54","slug":"pablo-latapi-sarre","status":"publish","type":"page","link":"https:\/\/cee.edu.mx\/New\/pablo-latapi-sarre\/","title":{"rendered":"Pablo Latap\u00ed Sarre"},"content":{"rendered":"[et_pb_section fb_built=\u00bb1&#8243; _builder_version=\u00bb3.22.7&#8243; top_divider_style=\u00bbcurve2&#8243; top_divider_color=\u00bb#f4f4f4&#8243; top_divider_height=\u00bb30px\u00bb top_divider_flip=\u00bbvertical\u00bb bottom_divider_style=\u00bbcurve2&#8243; bottom_divider_color=\u00bb#3c3f63&#8243; bottom_divider_height=\u00bb30px\u00bb][et_pb_row _builder_version=\u00bb3.22.3&#8243;][et_pb_column type=\u00bb2_5&#8243; _builder_version=\u00bb3.0.47&#8243;][et_pb_image src=\u00bbhttps:\/\/cee.edu.mx\/New\/wp-content\/uploads\/2019\/01\/PL.jpg\u00bb _builder_version=\u00bb3.19.10&#8243; border_radii=\u00bbon|10px|10px|10px|10px\u00bb box_shadow_style=\u00bbpreset2&#8243;][\/et_pb_image][\/et_pb_column][et_pb_column type=\u00bb3_5&#8243; _builder_version=\u00bb3.0.47&#8243;][et_pb_post_title meta=\u00bboff\u00bb featured_image=\u00bboff\u00bb _builder_version=\u00bb3.19.17&#8243;][\/et_pb_post_title][et_pb_text _builder_version=\u00bb3.19.17&#8243; text_font_size=\u00bb17px\u00bb text_line_height=\u00bb1.8em\u00bb]\n<p>(Ciudad de M\u00e9xico, 19 de abril de 1927 \u2013 3 de agosto de 2009) fue pionero de la investigaci\u00f3n educativa en M\u00e9xico. Doctor en Filosof\u00eda, con especializaci\u00f3n en Ciencias de la Educaci\u00f3n, por la Universidad de Hamburgo, Alemania. Fue fundador del CEE en 1963 y lo dirigi\u00f3 durante 10 a\u00f1os. En 1971 fund\u00f3 la Revista Latinoamericana de Estudios Educativos. Dedic\u00f3 la mayor parte de su vida profesional a la investigaci\u00f3n y a la formaci\u00f3n de investigadores y public\u00f3 m\u00e1s de 40 libros y un sinn\u00famero de art\u00edculos en revistas especializadas. Entre sus obras destacan: Educaci\u00f3n nacional y opini\u00f3n p\u00fablica (1979);<\/p>\n[\/et_pb_text][\/et_pb_column][\/et_pb_row][et_pb_row _builder_version=\u00bb3.22.3&#8243; background_size=\u00bbinitial\u00bb background_position=\u00bbtop_left\u00bb background_repeat=\u00bbrepeat\u00bb][et_pb_column type=\u00bb4_4&#8243; _builder_version=\u00bb3.0.47&#8243;][et_pb_text _builder_version=\u00bb3.19.18&#8243; text_font_size=\u00bb17px\u00bb text_line_height=\u00bb1.8em\u00bb]\n<p>&nbsp;Diagn\u00f3stico educativo nacional (1964); Mitos y verdades de la educaci\u00f3n mexicana (1973); Comentarios a la reforma educativa (1976); Pol\u00edtica educativa y valores nacionales (1979); Temas de pol\u00edtica educativa (1982); Justicia y cambio social (1982); El pensamiento educativo de Jaime Torres Bodet: Una Antolog\u00eda (1993); La investigaci\u00f3n educativa en M\u00e9xico (1994); Un siglo de educaci\u00f3n en M\u00e9xico (1998); El debate sobre los valores de la escuela mexicana (2004); Andante con br\u00edo. Memoria de mis interacciones con los Secretarios de Educaci\u00f3n (1963-2006) (2008); Porque ya atardece. Algunos textos significativos (2008); Finale prest\u00edssimo. Pensamientos, vivencias y testimonios (2009).<br \/> Desde 1985 fue miembro del Sistema Nacional de Investigadores (nivel III); investigador em\u00e9rito de la Universidad Nacional Aut\u00f3noma de M\u00e9xico desde 1996 y desde 2003 investigador nacional de excelencia. Fue honrado con el Doctorado Honoris Causa en las universidades de Colima, Sonora, Aguascalientes, la Aut\u00f3noma Metropolitana y por el CINVESTAV del Instituto Polit\u00e9cnico Nacional.<\/p>\n[\/et_pb_text][\/et_pb_column][\/et_pb_row][\/et_pb_section]\n","protected":false},"excerpt":{"rendered":"<p>(Ciudad de M\u00e9xico, 19 de abril de 1927 \u2013 3 de agosto de 2009) fue pionero de la investigaci\u00f3n educativa en M\u00e9xico. Doctor en Filosof\u00eda, con especializaci\u00f3n en Ciencias de la Educaci\u00f3n, por la Universidad de Hamburgo, Alemania. Fue fundador del CEE en 1963 y lo dirigi\u00f3 durante 10 a\u00f1os. En 1971 fund\u00f3 la Revista [&hellip;]<\/p>\n","protected":false},"author":1,"featured_media":0,"parent":0,"menu_order":0,"comment_status":"closed","ping_status":"closed","template":"","meta":{"_et_pb_use_builder":"on","_et_pb_old_content":"","_et_gb_content_width":"","footnotes":""},"class_list":["post-533","page","type-page","status-publish","hentry"],"_links":{"self":[{"href":"https:\/\/cee.edu.mx\/New\/wp-json\/wp\/v2\/pages\/533","targetHints":{"allow":["GET"]}}],"collection":[{"href":"https:\/\/cee.edu.mx\/New\/wp-json\/wp\/v2\/pages"}],"about":[{"href":"https:\/\/cee.edu.mx\/New\/wp-json\/wp\/v2\/types\/page"}],"author":[{"embeddable":true,"href":"https:\/\/cee.edu.mx\/New\/wp-json\/wp\/v2\/users\/1"}],"replies":[{"embeddable":true,"href":"https:\/\/cee.edu.mx\/New\/wp-json\/wp\/v2\/comments?post=533"}],"version-history":[{"count":12,"href":"https:\/\/cee.edu.mx\/New\/wp-json\/wp\/v2\/pages\/533\/revisions"}],"predecessor-version":[{"id":1456,"href":"https:\/\/cee.edu.mx\/New\/wp-json\/wp\/v2\/pages\/533\/revisions\/1456"}],"wp:attachment":[{"href":"https:\/\/cee.edu.mx\/New\/wp-json\/wp\/v2\/media?parent=533"}],"curies":[{"name":"wp","href":"https:\/\/api.w.org\/{rel}","templated":true}]}}