{"id":2233,"date":"2023-04-28T14:15:17","date_gmt":"2023-04-28T20:15:17","guid":{"rendered":"https:\/\/cee.edu.mx\/New\/?page_id=2233"},"modified":"2023-04-28T14:15:21","modified_gmt":"2023-04-28T20:15:21","slug":"manuel-ignacio-ulloa-herrero","status":"publish","type":"page","link":"https:\/\/cee.edu.mx\/New\/manuel-ignacio-ulloa-herrero\/","title":{"rendered":"Manuel Ignacio Ulloa Herrero"},"content":{"rendered":"[et_pb_section fb_built=\u00bb1&#8243; _builder_version=\u00bb4.16&#8243; top_divider_style=\u00bbcurve2&#8243; top_divider_color=\u00bb#f4f4f4&#8243; top_divider_height=\u00bb30px\u00bb top_divider_flip=\u00bbvertical\u00bb bottom_divider_style=\u00bbcurve2&#8243; bottom_divider_color=\u00bb#3c3f63&#8243; bottom_divider_height=\u00bb30px\u00bb global_colors_info=\u00bb{}\u00bb][et_pb_row column_structure=\u00bb2_5,3_5&#8243; _builder_version=\u00bb4.16&#8243; global_colors_info=\u00bb{}\u00bb][et_pb_column type=\u00bb2_5&#8243; _builder_version=\u00bb4.16&#8243; custom_padding=\u00bb|||\u00bb global_colors_info=\u00bb{}\u00bb custom_padding__hover=\u00bb|||\u00bb][et_pb_image src=\u00bbhttps:\/\/cee.edu.mx\/New\/wp-content\/uploads\/2023\/04\/Manuel_Ignacio_Ulloa_Herrero.jpg\u00bb title_text=\u00bbManuel_Ignacio_Ulloa_Herrero\u00bb align_tablet=\u00bbcenter\u00bb align_phone=\u00bbcenter\u00bb align_last_edited=\u00bbon|desktop\u00bb _builder_version=\u00bb4.21.0&#8243; border_radii=\u00bbon|10px|10px|10px|10px\u00bb box_shadow_style=\u00bbpreset2&#8243; global_colors_info=\u00bb{}\u00bb][\/et_pb_image][\/et_pb_column][et_pb_column type=\u00bb3_5&#8243; _builder_version=\u00bb4.16&#8243; custom_padding=\u00bb|||\u00bb global_colors_info=\u00bb{}\u00bb custom_padding__hover=\u00bb|||\u00bb][et_pb_post_title meta=\u00bboff\u00bb featured_image=\u00bboff\u00bb _builder_version=\u00bb4.21.0&#8243; global_colors_info=\u00bb{}\u00bb][\/et_pb_post_title][et_pb_text _builder_version=\u00bb4.21.0&#8243; text_font_size=\u00bb17px\u00bb text_line_height=\u00bb1.8em\u00bb global_colors_info=\u00bb{}\u00bb]\n<p>(Ciudad de M\u00e9xico, 15 de junio de 1941). Estudi\u00f3 en la Escuela Nacional de Econom\u00eda UNAM. En 1965 se incorpor\u00f3 como investigador fundador del CEE. Despu\u00e9s de colaborar en distintas instancias p\u00fablicas y privadas, vuelve a la direcci\u00f3n acad\u00e9mico del Centro de 1991 a 1993.<br \/>\nFue asesor de diversos organismos en Am\u00e9rica Latina (Ministerio de Educaci\u00f3n de Venezuela; Consejo Nacional de la Universidad Peruana; Ministerio de Educaci\u00f3n de Uruguay; OEA, CEPAL y UNICEF).\n<\/p>\n[\/et_pb_text][\/et_pb_column][\/et_pb_row][et_pb_row _builder_version=\u00bb4.16&#8243; background_size=\u00bbinitial\u00bb background_position=\u00bbtop_left\u00bb background_repeat=\u00bbrepeat\u00bb global_colors_info=\u00bb{}\u00bb][et_pb_column type=\u00bb4_4&#8243; _builder_version=\u00bb4.16&#8243; custom_padding=\u00bb|||\u00bb global_colors_info=\u00bb{}\u00bb custom_padding__hover=\u00bb|||\u00bb][et_pb_text _builder_version=\u00bb4.21.0&#8243; text_font_size=\u00bb17px\u00bb text_line_height=\u00bb1.8em\u00bb global_colors_info=\u00bb{}\u00bb]\n<p>\nEn M\u00e9xico, ocup\u00f3 distintos cargos en el sector p\u00fablico tanto federal como estatal. Trabaj\u00f3 en la Universidad Nacional Aut\u00f3noma de M\u00e9xico, as\u00ed como en la Universidad Aut\u00f3noma de Nayarit, la UAM Xochimilco, la Universidad Pedag\u00f3gica Nacional y el Instituto Polit\u00e9cnico Nacional desempe\u00f1ando diversas funciones. Ha impartido m\u00e1s de 25 cursos sobre Problemas Econ\u00f3micos, Sociales y Pol\u00edticos de M\u00e9xico. Estad\u00edstica, y Econom\u00eda, entre otros, en distintas universidades y escuelas de educaci\u00f3n superior. Ha dictado un sinn\u00famero\tconferencias y ha participado como ponente en m\u00e1s de 30 congresos y seminarios tanto nacionales como internacionales.<br \/>\nHa sido coordinador, coautor y autor de diversas publicaciones entre las que destacan: La Educaci\u00f3n T\u00e9cnica en M\u00e9xico. (1996) imagen Educativa del INI (1967). Modelo para la descentralizaci\u00f3n de algunas instalaciones de ense\u00f1anza media en concentraciones urbanas de los pa\u00edses en v\u00edas de desarrollo (1968). Planificaci\u00f3n Universitaria (1970). Hacia una Nueva Universidad (1975). Aprovechamiento de Recursos Humanos y Empleo en Costa Rica (1978). Los indicadores sobre el acceso a la Educaci\u00f3n en M\u00e9xico (1994). El ejercicio del derecho a la educaci\u00f3n de la poblaci\u00f3n del Distrito Federal y la satisfacci\u00f3n o insatisfacci\u00f3n de sus necesidades educativas en la educaci\u00f3n b\u00e1sica y media superior (2011). La deuda social en Educaci\u00f3n B\u00e1sica y Media Superior (2012).\n<\/p>\n[\/et_pb_text][\/et_pb_column][\/et_pb_row][\/et_pb_section]\n","protected":false},"excerpt":{"rendered":"<p>Manuel Ignacio Ulloa Herrero<br \/>\n(Ciudad de M\u00e9xico, 15 de junio de 1941). Estudi\u00f3 en la Escuela Nacional de Econom\u00eda UNAM. En 1965 se incorpor\u00f3 como investigador fundador del CEE. Despu\u00e9s de colaborar en distintas instancias p\u00fablicas y privadas, vuelve a la direcci\u00f3n acad\u00e9mico del Centro de 1991 a 1993. <\/p>\n","protected":false},"author":1,"featured_media":2238,"parent":0,"menu_order":0,"comment_status":"closed","ping_status":"closed","template":"","meta":{"_et_pb_use_builder":"on","_et_pb_old_content":"","_et_gb_content_width":"","footnotes":""},"class_list":["post-2233","page","type-page","status-publish","has-post-thumbnail","hentry"],"_links":{"self":[{"href":"https:\/\/cee.edu.mx\/New\/wp-json\/wp\/v2\/pages\/2233","targetHints":{"allow":["GET"]}}],"collection":[{"href":"https:\/\/cee.edu.mx\/New\/wp-json\/wp\/v2\/pages"}],"about":[{"href":"https:\/\/cee.edu.mx\/New\/wp-json\/wp\/v2\/types\/page"}],"author":[{"embeddable":true,"href":"https:\/\/cee.edu.mx\/New\/wp-json\/wp\/v2\/users\/1"}],"replies":[{"embeddable":true,"href":"https:\/\/cee.edu.mx\/New\/wp-json\/wp\/v2\/comments?post=2233"}],"version-history":[{"count":9,"href":"https:\/\/cee.edu.mx\/New\/wp-json\/wp\/v2\/pages\/2233\/revisions"}],"predecessor-version":[{"id":2246,"href":"https:\/\/cee.edu.mx\/New\/wp-json\/wp\/v2\/pages\/2233\/revisions\/2246"}],"wp:featuredmedia":[{"embeddable":true,"href":"https:\/\/cee.edu.mx\/New\/wp-json\/wp\/v2\/media\/2238"}],"wp:attachment":[{"href":"https:\/\/cee.edu.mx\/New\/wp-json\/wp\/v2\/media?parent=2233"}],"curies":[{"name":"wp","href":"https:\/\/api.w.org\/{rel}","templated":true}]}}