{"id":1560,"date":"2019-05-20T10:23:31","date_gmt":"2019-05-20T15:23:31","guid":{"rendered":"https:\/\/cee.edu.mx\/New\/?page_id=1560"},"modified":"2019-05-20T11:24:03","modified_gmt":"2019-05-20T16:24:03","slug":"capacitacion-y-acompanamiento","status":"publish","type":"page","link":"https:\/\/cee.edu.mx\/New\/capacitacion-y-acompanamiento\/","title":{"rendered":"Capacitaci\u00f3n y Acompa\u00f1amiento"},"content":{"rendered":"[et_pb_section fb_built=\u00bb1&#8243; admin_label=\u00bbOur Services\u00bb _builder_version=\u00bb3.22.3&#8243; use_background_color_gradient=\u00bbon\u00bb background_color_gradient_start=\u00bb#ffffff\u00bb background_color_gradient_end=\u00bbrgba(75,69,125,0.23)\u00bb custom_padding=\u00bb26px|0px|100px|0px|false|false\u00bb top_divider_style=\u00bbcurve2&#8243; top_divider_color=\u00bb#f4f4f4&#8243; top_divider_height=\u00bb30px\u00bb top_divider_flip=\u00bbvertical\u00bb][et_pb_row admin_label=\u00bbNew standard of payments\u00bb _builder_version=\u00bb3.22.3&#8243;][et_pb_column type=\u00bb4_4&#8243; _builder_version=\u00bb3.0.47&#8243;][et_pb_text _builder_version=\u00bb3.22.7&#8243; text_font=\u00bbPoppins|700|||||||\u00bb text_text_color=\u00bb#48a750&#8243;]\n<p>Qu\u00e9 hacemos<\/p>\n[\/et_pb_text][et_pb_text _builder_version=\u00bb3.22.7&#8243; text_font=\u00bbPoppins||||||||\u00bb text_text_color=\u00bbrgba(58,58,58,0.7)\u00bb text_font_size=\u00bb18px\u00bb text_line_height=\u00bb1.8em\u00bb header_2_font=\u00bbPoppins|500|||||||\u00bb header_2_text_color=\u00bb#4b457d\u00bb header_2_font_size=\u00bb38px\u00bb header_2_line_height=\u00bb1.3em\u00bb]\n<h2>Capacitaci\u00f3n y Acompa\u00f1amiento<\/h2>\n<p>Proyectos y actividades de asesoramiento o formaci\u00f3n en la identificaci\u00f3n de fortalezas y \u00e1reas de oportunidad de personas, programas o instituciones.<\/p>\n[\/et_pb_text][\/et_pb_column][\/et_pb_row][et_pb_row use_custom_gutter=\u00bbon\u00bb background_color_2=\u00bb#2e3858&#8243; background_color_3=\u00bb#2e3858&#8243; padding_top_1=\u00bb30px\u00bb padding_top_2=\u00bb30px\u00bb padding_top_3=\u00bb30px\u00bb padding_right_1=\u00bb30px\u00bb padding_right_2=\u00bb30px\u00bb padding_right_3=\u00bb30px\u00bb padding_bottom_1=\u00bb30px\u00bb padding_bottom_2=\u00bb30px\u00bb padding_bottom_3=\u00bb30px\u00bb padding_left_1=\u00bb30px\u00bb padding_left_2=\u00bb30px\u00bb padding_left_3=\u00bb30px\u00bb _builder_version=\u00bb3.22.3&#8243;][et_pb_column type=\u00bb4_4&#8243; _builder_version=\u00bb3.0.47&#8243;][et_pb_text _builder_version=\u00bb3.22.7&#8243;]\n\n\n<div class=\"su-posts su-posts-default-loop \">\n\n\t\n\t\t\t\t\t\n\t\t\t\n\t\t\t<div id=\"su-post-1615\" class=\"su-post \">\n\n\t\t\t\t\t\t\t\t\t<a class=\"su-post-thumbnail\" href=\"https:\/\/cee.edu.mx\/New\/propuesta-de-armonizacion-del-curriculum-del-aprendizaje-basado-en-la-colaboracion-y-el-dialogo-abcd\/\"><img loading=\"lazy\" decoding=\"async\" width=\"3387\" height=\"1029\" src=\"https:\/\/cee.edu.mx\/New\/wp-content\/uploads\/2019\/02\/SEP_color.jpg\" class=\"attachment-post-thumbnail size-post-thumbnail wp-post-image\" alt=\"\" srcset=\"https:\/\/cee.edu.mx\/New\/wp-content\/uploads\/2019\/02\/SEP_color.jpg 3387w, https:\/\/cee.edu.mx\/New\/wp-content\/uploads\/2019\/02\/SEP_color-300x91.jpg 300w, https:\/\/cee.edu.mx\/New\/wp-content\/uploads\/2019\/02\/SEP_color-768x233.jpg 768w, https:\/\/cee.edu.mx\/New\/wp-content\/uploads\/2019\/02\/SEP_color-1024x311.jpg 1024w, https:\/\/cee.edu.mx\/New\/wp-content\/uploads\/2019\/02\/SEP_color-1080x328.jpg 1080w, https:\/\/cee.edu.mx\/New\/wp-content\/uploads\/2019\/02\/SEP_color-610x185.jpg 610w\" sizes=\"(max-width: 3387px) 100vw, 3387px\" \/><\/a>\n\t\t\t\t\n\t\t\t\t<h2 class=\"su-post-title\"><a href=\"https:\/\/cee.edu.mx\/New\/propuesta-de-armonizacion-del-curriculum-del-aprendizaje-basado-en-la-colaboracion-y-el-dialogo-abcd\/\">Propuesta de armonizaci\u00f3n del curr\u00edculum del aprendizaje basado en la colaboraci\u00f3n y el di\u00e1logo (ABCD)<\/a><\/h2>\n\n\t\t\t\t<div class=\"su-post-meta\">\n\t\t\t\t\tPublicado: 20 mayo, 2019\t\t\t\t<\/div>\n\n\t\t\t\t<div class=\"su-post-excerpt\">\n\t\t\t\t\t<p><a href=\"https:\/\/cee.edu.mx\/New\/tag\/capacitacion_y_acompanamiento\/\">#Capacitaci\u00f3n_y_Acompa\u00f1amiento<\/a><\/p>\n\t\t\t\t<\/div>\n\n\t\t\t\t\n\t\t\t<\/div>\n\n\t\t\t\t\t\n\t\t\t\n\t\t\t<div id=\"su-post-1079\" class=\"su-post \">\n\n\t\t\t\t\t\t\t\t\t<a class=\"su-post-thumbnail\" href=\"https:\/\/cee.edu.mx\/New\/apoyo-para-el-funcionamiento-del-compromiso-social-por-la-calidad-y-equidad-de-la-educacion\/\"><img loading=\"lazy\" decoding=\"async\" width=\"1826\" height=\"1277\" src=\"https:\/\/cee.edu.mx\/New\/wp-content\/uploads\/2019\/02\/logo_FA.png\" class=\"attachment-post-thumbnail size-post-thumbnail wp-post-image\" alt=\"\" srcset=\"https:\/\/cee.edu.mx\/New\/wp-content\/uploads\/2019\/02\/logo_FA.png 1826w, https:\/\/cee.edu.mx\/New\/wp-content\/uploads\/2019\/02\/logo_FA-300x210.png 300w, https:\/\/cee.edu.mx\/New\/wp-content\/uploads\/2019\/02\/logo_FA-768x537.png 768w, https:\/\/cee.edu.mx\/New\/wp-content\/uploads\/2019\/02\/logo_FA-1024x716.png 1024w, https:\/\/cee.edu.mx\/New\/wp-content\/uploads\/2019\/02\/logo_FA-1080x755.png 1080w\" sizes=\"(max-width: 1826px) 100vw, 1826px\" \/><\/a>\n\t\t\t\t\n\t\t\t\t<h2 class=\"su-post-title\"><a href=\"https:\/\/cee.edu.mx\/New\/apoyo-para-el-funcionamiento-del-compromiso-social-por-la-calidad-y-equidad-de-la-educacion\/\">Apoyo para el funcionamiento del Compromiso Social por la Calidad y Equidad de la Educaci\u00f3n<\/a><\/h2>\n\n\t\t\t\t<div class=\"su-post-meta\">\n\t\t\t\t\tPublicado: 28 febrero, 2019\t\t\t\t<\/div>\n\n\t\t\t\t<div class=\"su-post-excerpt\">\n\t\t\t\t\t<p><a href=\"https:\/\/cee.edu.mx\/New\/tag\/capacitacion_y_acompanamiento\/\">#Capacitaci\u00f3n_y_Acompa\u00f1amiento<\/a><\/p>\n\t\t\t\t<\/div>\n\n\t\t\t\t\n\t\t\t<\/div>\n\n\t\t\t\t\t\n\t\t\t\n\t\t\t<div id=\"su-post-1071\" class=\"su-post \">\n\n\t\t\t\t\t\t\t\t\t<a class=\"su-post-thumbnail\" href=\"https:\/\/cee.edu.mx\/New\/implementacio-y-seguimiento-del-modelo-de-aprendizaje-colaborativo\/\"><img loading=\"lazy\" decoding=\"async\" width=\"1826\" height=\"1277\" src=\"https:\/\/cee.edu.mx\/New\/wp-content\/uploads\/2019\/02\/logo_FA.png\" class=\"attachment-post-thumbnail size-post-thumbnail wp-post-image\" alt=\"\" srcset=\"https:\/\/cee.edu.mx\/New\/wp-content\/uploads\/2019\/02\/logo_FA.png 1826w, https:\/\/cee.edu.mx\/New\/wp-content\/uploads\/2019\/02\/logo_FA-300x210.png 300w, https:\/\/cee.edu.mx\/New\/wp-content\/uploads\/2019\/02\/logo_FA-768x537.png 768w, https:\/\/cee.edu.mx\/New\/wp-content\/uploads\/2019\/02\/logo_FA-1024x716.png 1024w, https:\/\/cee.edu.mx\/New\/wp-content\/uploads\/2019\/02\/logo_FA-1080x755.png 1080w\" sizes=\"(max-width: 1826px) 100vw, 1826px\" \/><\/a>\n\t\t\t\t\n\t\t\t\t<h2 class=\"su-post-title\"><a href=\"https:\/\/cee.edu.mx\/New\/implementacio-y-seguimiento-del-modelo-de-aprendizaje-colaborativo\/\">Implementaci\u00f3n y seguimiento del Modelo de Aprendizaje Colaborativo<\/a><\/h2>\n\n\t\t\t\t<div class=\"su-post-meta\">\n\t\t\t\t\tPublicado: 28 febrero, 2019\t\t\t\t<\/div>\n\n\t\t\t\t<div class=\"su-post-excerpt\">\n\t\t\t\t\t<p><a href=\"https:\/\/cee.edu.mx\/New\/tag\/capacitacion_y_acompanamiento\/\">#Capacitaci\u00f3n_y_Acompa\u00f1amiento<\/a> <a href=\"https:\/\/cee.edu.mx\/New\/tag\/sistematizacion\/\">#Sistematizaci\u00f3n<\/a><\/p>\n\t\t\t\t<\/div>\n\n\t\t\t\t\n\t\t\t<\/div>\n\n\t\t\t\t\t\n\t\t\t\n\t\t\t<div id=\"su-post-1063\" class=\"su-post \">\n\n\t\t\t\t\t\t\t\t\t<a class=\"su-post-thumbnail\" href=\"https:\/\/cee.edu.mx\/New\/implementacion-y-seguimiento-del-nuevo-modelo-educativo-2017-en-plantel-azteca\/\"><img loading=\"lazy\" decoding=\"async\" width=\"1826\" height=\"1277\" src=\"https:\/\/cee.edu.mx\/New\/wp-content\/uploads\/2019\/02\/logo_FA.png\" class=\"attachment-post-thumbnail size-post-thumbnail wp-post-image\" alt=\"\" srcset=\"https:\/\/cee.edu.mx\/New\/wp-content\/uploads\/2019\/02\/logo_FA.png 1826w, https:\/\/cee.edu.mx\/New\/wp-content\/uploads\/2019\/02\/logo_FA-300x210.png 300w, https:\/\/cee.edu.mx\/New\/wp-content\/uploads\/2019\/02\/logo_FA-768x537.png 768w, https:\/\/cee.edu.mx\/New\/wp-content\/uploads\/2019\/02\/logo_FA-1024x716.png 1024w, https:\/\/cee.edu.mx\/New\/wp-content\/uploads\/2019\/02\/logo_FA-1080x755.png 1080w\" sizes=\"(max-width: 1826px) 100vw, 1826px\" \/><\/a>\n\t\t\t\t\n\t\t\t\t<h2 class=\"su-post-title\"><a href=\"https:\/\/cee.edu.mx\/New\/implementacion-y-seguimiento-del-nuevo-modelo-educativo-2017-en-plantel-azteca\/\">Implementaci\u00f3n y seguimiento del Nuevo Modelo Educativo 2017 en Plantel Azteca<\/a><\/h2>\n\n\t\t\t\t<div class=\"su-post-meta\">\n\t\t\t\t\tPublicado: 28 febrero, 2019\t\t\t\t<\/div>\n\n\t\t\t\t<div class=\"su-post-excerpt\">\n\t\t\t\t\t<p><a href=\"https:\/\/cee.edu.mx\/New\/tag\/capacitacion_y_acompanamiento\/\">#Capacitaci\u00f3n_y_Acompa\u00f1amiento<\/a> <a href=\"https:\/\/cee.edu.mx\/New\/tag\/sistematizacion\/\">#Sistematizaci\u00f3n<\/a> <\/p>\n\t\t\t\t<\/div>\n\n\t\t\t\t\n\t\t\t<\/div>\n\n\t\t\t\t\t\n\t\t\t\n\t\t\t<div id=\"su-post-1056\" class=\"su-post \">\n\n\t\t\t\t\t\t\t\t\t<a class=\"su-post-thumbnail\" href=\"https:\/\/cee.edu.mx\/New\/implementacion-y-seguimiento-del-programa-de-aprendizaje-en-multigrado\/\"><img loading=\"lazy\" decoding=\"async\" width=\"1826\" height=\"1277\" src=\"https:\/\/cee.edu.mx\/New\/wp-content\/uploads\/2019\/02\/logo_FA.png\" class=\"attachment-post-thumbnail size-post-thumbnail wp-post-image\" alt=\"\" srcset=\"https:\/\/cee.edu.mx\/New\/wp-content\/uploads\/2019\/02\/logo_FA.png 1826w, https:\/\/cee.edu.mx\/New\/wp-content\/uploads\/2019\/02\/logo_FA-300x210.png 300w, https:\/\/cee.edu.mx\/New\/wp-content\/uploads\/2019\/02\/logo_FA-768x537.png 768w, https:\/\/cee.edu.mx\/New\/wp-content\/uploads\/2019\/02\/logo_FA-1024x716.png 1024w, https:\/\/cee.edu.mx\/New\/wp-content\/uploads\/2019\/02\/logo_FA-1080x755.png 1080w\" sizes=\"(max-width: 1826px) 100vw, 1826px\" \/><\/a>\n\t\t\t\t\n\t\t\t\t<h2 class=\"su-post-title\"><a href=\"https:\/\/cee.edu.mx\/New\/implementacion-y-seguimiento-del-programa-de-aprendizaje-en-multigrado\/\">Implementaci\u00f3n y seguimiento del Programa de Aprendizaje en Multigrado<\/a><\/h2>\n\n\t\t\t\t<div class=\"su-post-meta\">\n\t\t\t\t\tPublicado: 28 febrero, 2019\t\t\t\t<\/div>\n\n\t\t\t\t<div class=\"su-post-excerpt\">\n\t\t\t\t\t<p><a href=\"https:\/\/cee.edu.mx\/New\/tag\/capacitacion_y_acompanamiento\/\">#Capacitaci\u00f3n_y_Acompa\u00f1amiento<\/a> <a href=\"https:\/\/cee.edu.mx\/New\/tag\/sistematizacion\/\">#Sistematizaci\u00f3n<\/a><\/span><\/p>\n\t\t\t\t<\/div>\n\n\t\t\t\t\n\t\t\t<\/div>\n\n\t\t\t\t\t\n\t\t\t\n\t\t\t<div id=\"su-post-1050\" class=\"su-post \">\n\n\t\t\t\t\t\t\t\t\t<a class=\"su-post-thumbnail\" href=\"https:\/\/cee.edu.mx\/New\/coordinacion-para-la-gestion-seguimiento-y-supervision\/\"><img loading=\"lazy\" decoding=\"async\" width=\"473\" height=\"360\" src=\"https:\/\/cee.edu.mx\/New\/wp-content\/uploads\/2019\/02\/logo_ilce.png\" class=\"attachment-post-thumbnail size-post-thumbnail wp-post-image\" alt=\"\" srcset=\"https:\/\/cee.edu.mx\/New\/wp-content\/uploads\/2019\/02\/logo_ilce.png 473w, https:\/\/cee.edu.mx\/New\/wp-content\/uploads\/2019\/02\/logo_ilce-300x228.png 300w\" sizes=\"(max-width: 473px) 100vw, 473px\" \/><\/a>\n\t\t\t\t\n\t\t\t\t<h2 class=\"su-post-title\"><a href=\"https:\/\/cee.edu.mx\/New\/coordinacion-para-la-gestion-seguimiento-y-supervision\/\">Coordinaci\u00f3n para la gesti\u00f3n, seguimiento y supervisi\u00f3n&#8230;<\/a><\/h2>\n\n\t\t\t\t<div class=\"su-post-meta\">\n\t\t\t\t\tPublicado: 28 febrero, 2019\t\t\t\t<\/div>\n\n\t\t\t\t<div class=\"su-post-excerpt\">\n\t\t\t\t\t<p><a href=\"https:\/\/cee.edu.mx\/New\/tag\/capacitacion_y_acompanamiento\/\">#Capacitaci\u00f3n_y_Acompa\u00f1amiento<\/a> <\/p>\n\t\t\t\t<\/div>\n\n\t\t\t\t\n\t\t\t<\/div>\n\n\t\t\t\t\t\n\t\t\t\n\t\t\t<div id=\"su-post-976\" class=\"su-post \">\n\n\t\t\t\t\t\t\t\t\t<a class=\"su-post-thumbnail\" href=\"https:\/\/cee.edu.mx\/New\/asesoria-en-el-mantenimiento-del-sistema-de-evaluacion-de-cargos-de-carrera-judicial\/\"><img loading=\"lazy\" decoding=\"async\" width=\"274\" height=\"286\" src=\"https:\/\/cee.edu.mx\/New\/wp-content\/uploads\/2019\/02\/TSJDF-logo.png\" class=\"attachment-post-thumbnail size-post-thumbnail wp-post-image\" alt=\"\" \/><\/a>\n\t\t\t\t\n\t\t\t\t<h2 class=\"su-post-title\"><a href=\"https:\/\/cee.edu.mx\/New\/asesoria-en-el-mantenimiento-del-sistema-de-evaluacion-de-cargos-de-carrera-judicial\/\">Asesor\u00eda en el mantenimiento del sistema de evaluaci\u00f3n de cargos de carrera judicial<\/a><\/h2>\n\n\t\t\t\t<div class=\"su-post-meta\">\n\t\t\t\t\tPublicado: 27 febrero, 2019\t\t\t\t<\/div>\n\n\t\t\t\t<div class=\"su-post-excerpt\">\n\t\t\t\t\t<p><a href=\"https:\/\/cee.edu.mx\/New\/tag\/capacitacion_y_acompanamiento\/\">#Capacitaci\u00f3n_y_Acompa\u00f1amiento<\/a> <a href=\"https:\/\/cee.edu.mx\/New\/tag\/desarrollo\/\">#Desarrollo_e_intervenci\u00f3n_educativa<\/a><\/p>\n\t\t\t\t<\/div>\n\n\t\t\t\t\n\t\t\t<\/div>\n\n\t\t\n\t\n<\/div>\n\n[\/et_pb_text][\/et_pb_column][\/et_pb_row][\/et_pb_section]\n","protected":false},"excerpt":{"rendered":"<p>[et_pb_section fb_built=\u00bb1&#8243; admin_label=\u00bbOur Services\u00bb _builder_version=\u00bb3.22.3&#8243; use_background_color_gradient=\u00bbon\u00bb background_color_gradient_start=\u00bb#ffffff\u00bb background_color_gradient_end=\u00bbrgba(75,69,125,0.23)\u00bb custom_padding=\u00bb26px|0px|100px|0px|false|false\u00bb top_divider_style=\u00bbcurve2&#8243; top_divider_color=\u00bb#f4f4f4&#8243; top_divider_height=\u00bb30px\u00bb top_divider_flip=\u00bbvertical\u00bb][et_pb_row admin_label=\u00bbNew standard of payments\u00bb _builder_version=\u00bb3.22.3&#8243;][et_pb_column type=\u00bb4_4&#8243; _builder_version=\u00bb3.0.47&#8243;][et_pb_text _builder_version=\u00bb3.22.7&#8243; text_font=\u00bbPoppins|700|||||||\u00bb text_text_color=\u00bb#48a750&#8243;] Qu\u00e9 hacemos [\/et_pb_text][et_pb_text _builder_version=\u00bb3.22.7&#8243; text_font=\u00bbPoppins||||||||\u00bb text_text_color=\u00bbrgba(58,58,58,0.7)\u00bb text_font_size=\u00bb18px\u00bb text_line_height=\u00bb1.8em\u00bb header_2_font=\u00bbPoppins|500|||||||\u00bb header_2_text_color=\u00bb#4b457d\u00bb header_2_font_size=\u00bb38px\u00bb header_2_line_height=\u00bb1.3em\u00bb] Capacitaci\u00f3n y Acompa\u00f1amiento Proyectos y actividades de asesoramiento o formaci\u00f3n en la identificaci\u00f3n de fortalezas y \u00e1reas de oportunidad de [&hellip;]<\/p>\n","protected":false},"author":1,"featured_media":0,"parent":0,"menu_order":0,"comment_status":"closed","ping_status":"closed","template":"","meta":{"_et_pb_use_builder":"on","_et_pb_old_content":"","_et_gb_content_width":"","footnotes":""},"class_list":["post-1560","page","type-page","status-publish","hentry"],"_links":{"self":[{"href":"https:\/\/cee.edu.mx\/New\/wp-json\/wp\/v2\/pages\/1560","targetHints":{"allow":["GET"]}}],"collection":[{"href":"https:\/\/cee.edu.mx\/New\/wp-json\/wp\/v2\/pages"}],"about":[{"href":"https:\/\/cee.edu.mx\/New\/wp-json\/wp\/v2\/types\/page"}],"author":[{"embeddable":true,"href":"https:\/\/cee.edu.mx\/New\/wp-json\/wp\/v2\/users\/1"}],"replies":[{"embeddable":true,"href":"https:\/\/cee.edu.mx\/New\/wp-json\/wp\/v2\/comments?post=1560"}],"version-history":[{"count":6,"href":"https:\/\/cee.edu.mx\/New\/wp-json\/wp\/v2\/pages\/1560\/revisions"}],"predecessor-version":[{"id":1590,"href":"https:\/\/cee.edu.mx\/New\/wp-json\/wp\/v2\/pages\/1560\/revisions\/1590"}],"wp:attachment":[{"href":"https:\/\/cee.edu.mx\/New\/wp-json\/wp\/v2\/media?parent=1560"}],"curies":[{"name":"wp","href":"https:\/\/api.w.org\/{rel}","templated":true}]}}