{"id":1484,"date":"2019-05-17T12:46:52","date_gmt":"2019-05-17T17:46:52","guid":{"rendered":"https:\/\/cee.edu.mx\/New\/?page_id=1484"},"modified":"2019-05-17T12:50:04","modified_gmt":"2019-05-17T17:50:04","slug":"sylvia-schmelkes-del-valle","status":"publish","type":"page","link":"https:\/\/cee.edu.mx\/New\/sylvia-schmelkes-del-valle\/","title":{"rendered":"Sylvia Schmelkes del Valle"},"content":{"rendered":"[et_pb_section fb_built=\u00bb1&#8243; _builder_version=\u00bb3.22.7&#8243; top_divider_style=\u00bbcurve2&#8243; top_divider_color=\u00bb#f4f4f4&#8243; top_divider_height=\u00bb30px\u00bb top_divider_flip=\u00bbvertical\u00bb bottom_divider_style=\u00bbcurve2&#8243; bottom_divider_color=\u00bb#3c3f63&#8243; bottom_divider_height=\u00bb30px\u00bb][et_pb_row _builder_version=\u00bb3.22.3&#8243;][et_pb_column type=\u00bb2_5&#8243; _builder_version=\u00bb3.0.47&#8243;][et_pb_image src=\u00bbhttps:\/\/cee.edu.mx\/New\/wp-content\/uploads\/2019\/05\/Sylvia_Schmelkes_V.jpg\u00bb _builder_version=\u00bb3.22.7&#8243; border_radii=\u00bbon|10px|10px|10px|10px\u00bb box_shadow_style=\u00bbpreset2&#8243;][\/et_pb_image][\/et_pb_column][et_pb_column type=\u00bb3_5&#8243; _builder_version=\u00bb3.0.47&#8243;][et_pb_post_title meta=\u00bboff\u00bb featured_image=\u00bboff\u00bb _builder_version=\u00bb3.19.17&#8243;][\/et_pb_post_title][et_pb_text _builder_version=\u00bb3.22.7&#8243; text_font_size=\u00bb17px\u00bb text_line_height=\u00bb1.8em\u00bb]\n<p>Naci\u00f3 en la Ciudad de M\u00e9xico. Realiz\u00f3 estudios en Sociolog\u00eda en la Universidad Iberoamericana en donde tambi\u00e9n obtuvo su maestr\u00eda. Es investigadora de la educaci\u00f3n desde 1970; trabaj\u00f3 en el CEE por 25 a\u00f1os y fue su directora acad\u00e9mica de 1984 a 1994. Fue investigadora en el Departamento de Investigaciones Educativas del Centro de Investigaci\u00f3n y Estudios Avanzados del Instituto Polit\u00e9cnico Nacional. Fungi\u00f3 como asesora del Secretario de Educaci\u00f3n P\u00fablica de 1996 al 2000, y presidi\u00f3 la Junta de Gobierno del Centro de Investigaci\u00f3n e Innovaci\u00f3n Educativas de la OCDE de 2002 a 2004. <\/p>\n[\/et_pb_text][\/et_pb_column][\/et_pb_row][et_pb_row _builder_version=\u00bb3.22.3&#8243; background_size=\u00bbinitial\u00bb background_position=\u00bbtop_left\u00bb background_repeat=\u00bbrepeat\u00bb][et_pb_column type=\u00bb4_4&#8243; _builder_version=\u00bb3.0.47&#8243;][et_pb_text _builder_version=\u00bb3.22.7&#8243; text_font_size=\u00bb17px\u00bb text_line_height=\u00bb1.8em\u00bb]\n<p>\u00a0Fue coordinadora general de Educaci\u00f3n Intercultural y Biling\u00fce de la SEP (2001 a 2007) y dirigi\u00f3 el Instituto de Investigaciones para el Desarrollo de la Educaci\u00f3n (INIDE) de la Universidad Iberoamericana Ciudad de M\u00e9xico (2008-2013). A partir de ese a\u00f1o y hasta 2017, presidi\u00f3 la Junta de Gobierno del INEE. Ha realizado investigaci\u00f3n en los campos de la educaci\u00f3n de adultos, la calidad de la educaci\u00f3n b\u00e1sica, la educaci\u00f3n intercultural y la formaci\u00f3n en valores. Ha publicado infinidad de art\u00edculos, ensayos y libros entre los que destacan:  Post-Alfabetizaci\u00f3n y Trabajo en Am\u00e9rica Latina. (1990); Hacia una mejor calidad de nuestras escuelas (1995); La calidad en la educaci\u00f3n primaria: un estudio de caso (1997); La formaci\u00f3n de valores en la educaci\u00f3n b\u00e1sica. (2004); La educaci\u00f3n de adultos y las cuestiones sociales (2008).  Mejorar las Escuelas: Estrategias para la Acci\u00f3n en M\u00e9xico (2010). Ha recibido reconocimientos como el premio nacional Mar\u00eda Lavalle Urbina 1998 y el premio Tlamantini, por trayectoria en educaci\u00f3n, en 2003. La medalla Joan Amos Comenius, otorgada por el Ministerio de Educaci\u00f3n, Juventud y Deporte de la Rep\u00fablica Checa y por la UNESCO, en noviembre de 2008. El Premio Mundial de Ciencias Eureka 2012-2013, otorgado por el Consejo Mundial de Acad\u00e9micos Universitarios y el Doctorado Honoris Causa de la Universidad Autonom\u00eda de Baja California en 2017.<\/p>\n[\/et_pb_text][\/et_pb_column][\/et_pb_row][\/et_pb_section]\n","protected":false},"excerpt":{"rendered":"<p>Naci\u00f3 en la Ciudad de M\u00e9xico. Realiz\u00f3 estudios en Sociolog\u00eda en la Universidad Iberoamericana en donde tambi\u00e9n obtuvo su maestr\u00eda. Es investigadora de la educaci\u00f3n desde 1970; trabaj\u00f3 en el CEE por 25 a\u00f1os y fue su directora acad\u00e9mica de 1984 a 1994. Fue investigadora en el Departamento de Investigaciones Educativas del Centro de Investigaci\u00f3n [&hellip;]<\/p>\n","protected":false},"author":1,"featured_media":1459,"parent":0,"menu_order":0,"comment_status":"closed","ping_status":"closed","template":"","meta":{"_et_pb_use_builder":"on","_et_pb_old_content":"","_et_gb_content_width":"","footnotes":""},"class_list":["post-1484","page","type-page","status-publish","has-post-thumbnail","hentry"],"_links":{"self":[{"href":"https:\/\/cee.edu.mx\/New\/wp-json\/wp\/v2\/pages\/1484","targetHints":{"allow":["GET"]}}],"collection":[{"href":"https:\/\/cee.edu.mx\/New\/wp-json\/wp\/v2\/pages"}],"about":[{"href":"https:\/\/cee.edu.mx\/New\/wp-json\/wp\/v2\/types\/page"}],"author":[{"embeddable":true,"href":"https:\/\/cee.edu.mx\/New\/wp-json\/wp\/v2\/users\/1"}],"replies":[{"embeddable":true,"href":"https:\/\/cee.edu.mx\/New\/wp-json\/wp\/v2\/comments?post=1484"}],"version-history":[{"count":3,"href":"https:\/\/cee.edu.mx\/New\/wp-json\/wp\/v2\/pages\/1484\/revisions"}],"predecessor-version":[{"id":1488,"href":"https:\/\/cee.edu.mx\/New\/wp-json\/wp\/v2\/pages\/1484\/revisions\/1488"}],"wp:featuredmedia":[{"embeddable":true,"href":"https:\/\/cee.edu.mx\/New\/wp-json\/wp\/v2\/media\/1459"}],"wp:attachment":[{"href":"https:\/\/cee.edu.mx\/New\/wp-json\/wp\/v2\/media?parent=1484"}],"curies":[{"name":"wp","href":"https:\/\/api.w.org\/{rel}","templated":true}]}}